{"id":15209,"date":"2023-11-22T09:48:15","date_gmt":"2023-11-22T08:48:15","guid":{"rendered":"https:\/\/www.schlosstirol.it\/kinderschloss\/"},"modified":"2024-09-04T08:50:23","modified_gmt":"2024-09-04T06:50:23","slug":"castel-tirolo-per-bambini","status":"publish","type":"page","link":"https:\/\/www.schlosstirol.it\/it\/castel-tirolo-per-bambini\/","title":{"rendered":"Castel Tirolo per bambini"},"content":{"rendered":"\n<style type=\"text\/css\" data-created_by=\"avia_inline_auto\" id=\"style-css-av-lpi3gq6g-0d39317b40ffe862eaaddbddde333a4c\">\n.avia_transform .flex_column.av-lpi3gq6g-0d39317b40ffe862eaaddbddde333a4c{\nanimation-duration:3s;\n}\n<\/style>\n<div  id=\"kinderschloss\"  class='flex_column av-lpi3gq6g-0d39317b40ffe862eaaddbddde333a4c av_one_full  avia-builder-el-0  el_before_av_hr  avia-builder-el-first  first flex_column_div av-animated-generic bottom-to-top  '     ><p>\n<style type=\"text\/css\" data-created_by=\"avia_inline_auto\" id=\"style-css-av-m0ni0g0b-9c8df9d86710cd222b79302ffa0d2d69\">\n#top .av-special-heading.av-m0ni0g0b-9c8df9d86710cd222b79302ffa0d2d69{\npadding-bottom:40px;\nfont-size:50px;\n}\nbody .av-special-heading.av-m0ni0g0b-9c8df9d86710cd222b79302ffa0d2d69 .av-special-heading-tag .heading-char{\nfont-size:25px;\n}\n#top #wrap_all .av-special-heading.av-m0ni0g0b-9c8df9d86710cd222b79302ffa0d2d69 .av-special-heading-tag{\nfont-size:50px;\n}\n.av-special-heading.av-m0ni0g0b-9c8df9d86710cd222b79302ffa0d2d69 .av-subheading{\nfont-size:24px;\n}\n\n@media only screen and (min-width: 480px) and (max-width: 767px){ \n#top #wrap_all .av-special-heading.av-m0ni0g0b-9c8df9d86710cd222b79302ffa0d2d69 .av-special-heading-tag{\nfont-size:0.8em;\n}\n}\n\n@media only screen and (max-width: 479px){ \n#top #wrap_all .av-special-heading.av-m0ni0g0b-9c8df9d86710cd222b79302ffa0d2d69 .av-special-heading-tag{\nfont-size:0.8em;\n}\n}\n<\/style>\n<div  class='av-special-heading av-m0ni0g0b-9c8df9d86710cd222b79302ffa0d2d69 av-special-heading-h2 blockquote modern-quote  avia-builder-el-1  el_before_av_textblock  avia-builder-el-first  av-inherit-size'><h2 class='av-special-heading-tag '  itemprop=\"headline\"  >Castel Tirolo per bambini<\/h2><div class='av-subheading av-subheading_below'><p>Immergersi nel tempo e nei ruoli degli storici abitanti del castello<\/p>\n<\/div><div class=\"special-heading-border\"><div class=\"special-heading-inner-border\"><\/div><\/div><\/div><br \/>\n<section  class='av_textblock_section av-av_textblock-18ec860c7e07088d2c0a993b614e8019 '   itemscope=\"itemscope\" itemtype=\"https:\/\/schema.org\/CreativeWork\" ><div class='avia_textblock'  itemprop=\"text\" ><p><strong>Anche i nostri piccoli visitatori non vengono trascurati!<\/strong> Chi non ha mai desiderato di diventare una vera principessa o un valoroso cavaliere? Castel Tirolo per bambini d\u00e0 la possibilit\u00e0 di impersonare diversi ruoli e di fare uno straordinario salto indietro nel tempo. Gi\u00e0 una corona \u00e8 sufficiente per trasformare semplici bambini in nuovi principi. Qui i sogni diventano realt\u00e0.<\/p>\n<\/div><\/section><br \/>\n\n<style type=\"text\/css\" data-created_by=\"avia_inline_auto\" id=\"style-css-av-24armtm-8c2bd6d1916ff0b0710d311a6b90897e\">\n#top .hr.hr-invisible.av-24armtm-8c2bd6d1916ff0b0710d311a6b90897e{\nheight:30px;\n}\n<\/style>\n<div  class='hr av-24armtm-8c2bd6d1916ff0b0710d311a6b90897e hr-invisible  avia-builder-el-3  el_after_av_textblock  el_before_av_masonry_gallery  avia-builder-el-last '><span class='hr-inner '><span class=\"hr-inner-style\"><\/span><\/span><\/div><br \/>\n\n<style type=\"text\/css\" data-created_by=\"avia_inline_auto\" id=\"style-css-av-6885uy-ac827df050143226b98b1d0ae1a34cc0\">\n#top .av-masonry.av-6885uy-ac827df050143226b98b1d0ae1a34cc0{\nbackground-color:#ffffff;\n}\n<\/style>\n<div id='av-masonry-1' class='av-masonry av-6885uy-ac827df050143226b98b1d0ae1a34cc0 noHover av-fixed-size av-large-gap av-hover-overlay- av-masonry-animation- av-masonry-col-4 av-caption-always av-caption-style- av-masonry-gallery ' data-post_id=\"15209\"><div class=\"av-masonry-container isotope av-js-disabled\"><div class='av-masonry-entry isotope-item av-masonry-item-no-image '><\/div><a href=\"https:\/\/www.schlosstirol.it\/wp-content\/uploads\/2018\/02\/schloss-tirol_kinderschloss-juergen-eheim.jpg\" data-srcset=\"https:\/\/www.schlosstirol.it\/wp-content\/uploads\/2018\/02\/schloss-tirol_kinderschloss-juergen-eheim.jpg 533w, https:\/\/www.schlosstirol.it\/wp-content\/uploads\/2018\/02\/schloss-tirol_kinderschloss-juergen-eheim-200x300.jpg 200w, https:\/\/www.schlosstirol.it\/wp-content\/uploads\/2018\/02\/schloss-tirol_kinderschloss-juergen-eheim-470x705.jpg 470w, https:\/\/www.schlosstirol.it\/wp-content\/uploads\/2018\/02\/schloss-tirol_kinderschloss-juergen-eheim-450x675.jpg 450w\" data-sizes=\"(max-width: 533px) 100vw, 533px\"  aria-label=\"immagine immagine senza titolo\"  id='av-masonry-1-item-472' data-av-masonry-item='472' class='av-masonry-entry isotope-item post-472 attachment type-attachment status-inherit hentry  av-masonry-item-with-image av-grid-img' title=\"\" alt=\"\"    itemprop=\"thumbnailUrl\" ><div class='av-inner-masonry-sizer'><\/div><figure class='av-inner-masonry main_color'><div class=\"av-masonry-outerimage-container\"><div class='av-masonry-image-container' style=\"background-image: url(https:\/\/www.schlosstirol.it\/wp-content\/uploads\/2018\/02\/schloss-tirol_kinderschloss-juergen-eheim-470x705.jpg);\" ><\/div><\/div><\/figure><\/a><!--end av-masonry entry--><a href=\"https:\/\/www.schlosstirol.it\/wp-content\/uploads\/2018\/01\/schloss-tirol_kinderschloss-koenig-heinrich-1030x687.jpg\" data-srcset=\"https:\/\/www.schlosstirol.it\/wp-content\/uploads\/2018\/01\/schloss-tirol_kinderschloss-koenig-heinrich.jpg 1030w, https:\/\/www.schlosstirol.it\/wp-content\/uploads\/2018\/01\/schloss-tirol_kinderschloss-koenig-heinrich-300x200.jpg 300w, https:\/\/www.schlosstirol.it\/wp-content\/uploads\/2018\/01\/schloss-tirol_kinderschloss-koenig-heinrich-768x512.jpg 768w, https:\/\/www.schlosstirol.it\/wp-content\/uploads\/2018\/01\/schloss-tirol_kinderschloss-koenig-heinrich-705x470.jpg 705w, https:\/\/www.schlosstirol.it\/wp-content\/uploads\/2018\/01\/schloss-tirol_kinderschloss-koenig-heinrich-450x300.jpg 450w\" data-sizes=\"(max-width: 1030px) 100vw, 1030px\"  aria-label=\"immagine Castel Tirolo per bambini\"  id='av-masonry-1-item-2429' data-av-masonry-item='2429' class='av-masonry-entry isotope-item post-2429 attachment type-attachment status-inherit hentry  av-masonry-item-with-image av-grid-img' title=\"\" alt=\"Castel Tirolo per bambini\"    itemprop=\"thumbnailUrl\" ><div class='av-inner-masonry-sizer'><\/div><figure class='av-inner-masonry main_color'><div class=\"av-masonry-outerimage-container\"><div class='av-masonry-image-container' style=\"background-image: url(https:\/\/www.schlosstirol.it\/wp-content\/uploads\/2018\/01\/schloss-tirol_kinderschloss-koenig-heinrich-705x470.jpg);\" ><\/div><\/div><\/figure><\/a><!--end av-masonry entry--><a href=\"https:\/\/www.schlosstirol.it\/wp-content\/uploads\/2018\/02\/schloss-tirol_kinderschloss2-juergen-eheim.jpg\" data-srcset=\"https:\/\/www.schlosstirol.it\/wp-content\/uploads\/2018\/02\/schloss-tirol_kinderschloss2-juergen-eheim.jpg 505w, https:\/\/www.schlosstirol.it\/wp-content\/uploads\/2018\/02\/schloss-tirol_kinderschloss2-juergen-eheim-189x300.jpg 189w, https:\/\/www.schlosstirol.it\/wp-content\/uploads\/2018\/02\/schloss-tirol_kinderschloss2-juergen-eheim-445x705.jpg 445w, https:\/\/www.schlosstirol.it\/wp-content\/uploads\/2018\/02\/schloss-tirol_kinderschloss2-juergen-eheim-450x713.jpg 450w\" data-sizes=\"(max-width: 505px) 100vw, 505px\"  aria-label=\"immagine immagine senza titolo\"  id='av-masonry-1-item-475' data-av-masonry-item='475' class='av-masonry-entry isotope-item post-475 attachment type-attachment status-inherit hentry  av-masonry-item-with-image av-grid-img' title=\"\" alt=\"\"    itemprop=\"thumbnailUrl\" ><div class='av-inner-masonry-sizer'><\/div><figure class='av-inner-masonry main_color'><div class=\"av-masonry-outerimage-container\"><div class='av-masonry-image-container' style=\"background-image: url(https:\/\/www.schlosstirol.it\/wp-content\/uploads\/2018\/02\/schloss-tirol_kinderschloss2-juergen-eheim-445x705.jpg);\" ><\/div><\/div><\/figure><\/a><!--end av-masonry entry--><a href=\"https:\/\/www.schlosstirol.it\/wp-content\/uploads\/2018\/01\/schloss-tirol_kinderschloss-Margarete_Elisabeth-1030x686.jpg\" data-srcset=\"https:\/\/www.schlosstirol.it\/wp-content\/uploads\/2018\/01\/schloss-tirol_kinderschloss-Margarete_Elisabeth.jpg 1030w, https:\/\/www.schlosstirol.it\/wp-content\/uploads\/2018\/01\/schloss-tirol_kinderschloss-Margarete_Elisabeth-300x200.jpg 300w, https:\/\/www.schlosstirol.it\/wp-content\/uploads\/2018\/01\/schloss-tirol_kinderschloss-Margarete_Elisabeth-768x512.jpg 768w, https:\/\/www.schlosstirol.it\/wp-content\/uploads\/2018\/01\/schloss-tirol_kinderschloss-Margarete_Elisabeth-705x470.jpg 705w, https:\/\/www.schlosstirol.it\/wp-content\/uploads\/2018\/01\/schloss-tirol_kinderschloss-Margarete_Elisabeth-450x300.jpg 450w\" data-sizes=\"(max-width: 1030px) 100vw, 1030px\"  aria-label=\"immagine immagine senza titolo\"  id='av-masonry-1-item-2432' data-av-masonry-item='2432' class='av-masonry-entry isotope-item post-2432 attachment type-attachment status-inherit hentry  av-masonry-item-with-image av-grid-img' title=\"\" alt=\"\"    itemprop=\"thumbnailUrl\" ><div class='av-inner-masonry-sizer'><\/div><figure class='av-inner-masonry main_color'><div class=\"av-masonry-outerimage-container\"><div class='av-masonry-image-container' style=\"background-image: url(https:\/\/www.schlosstirol.it\/wp-content\/uploads\/2018\/01\/schloss-tirol_kinderschloss-Margarete_Elisabeth-705x470.jpg);\" ><\/div><\/div><\/figure><\/a><!--end av-masonry entry--><\/div><\/div><\/p><\/div>\n<style type=\"text\/css\" data-created_by=\"avia_inline_auto\" id=\"style-css-av-m0ni0tz6-9e9bf7f47f312d9413c9f77c91b11d18\">\n#top .hr.hr-invisible.av-m0ni0tz6-9e9bf7f47f312d9413c9f77c91b11d18{\nheight:80px;\n}\n<\/style>\n<div  class='hr av-m0ni0tz6-9e9bf7f47f312d9413c9f77c91b11d18 hr-invisible  avia-builder-el-5  el_after_av_one_full  el_before_av_one_full '><span class='hr-inner '><span class=\"hr-inner-style\"><\/span><\/span><\/div><\/p>\n\n<style type=\"text\/css\" data-created_by=\"avia_inline_auto\" id=\"style-css-av-av_one_full-2f55435b412fb2c466628da7a78b5980\">\n.avia_transform .flex_column.av-av_one_full-2f55435b412fb2c466628da7a78b5980{\nanimation-duration:3s;\n}\n<\/style>\n<div  id=\"kinderschloss\"  class='flex_column av-av_one_full-2f55435b412fb2c466628da7a78b5980 av_one_full  avia-builder-el-6  el_after_av_hr  avia-builder-el-last  first flex_column_div av-animated-generic bottom-to-top  '     ><p>\n<style type=\"text\/css\" data-created_by=\"avia_inline_auto\" id=\"style-css-av-m0ni16eb-8bbdde2222d0ca3d7a8f5f5e1481545b\">\n#top .av-special-heading.av-m0ni16eb-8bbdde2222d0ca3d7a8f5f5e1481545b{\npadding-bottom:40px;\nfont-size:50px;\n}\nbody .av-special-heading.av-m0ni16eb-8bbdde2222d0ca3d7a8f5f5e1481545b .av-special-heading-tag .heading-char{\nfont-size:25px;\n}\n#top #wrap_all .av-special-heading.av-m0ni16eb-8bbdde2222d0ca3d7a8f5f5e1481545b .av-special-heading-tag{\nfont-size:50px;\n}\n.av-special-heading.av-m0ni16eb-8bbdde2222d0ca3d7a8f5f5e1481545b .av-subheading{\nfont-size:24px;\n}\n\n@media only screen and (min-width: 480px) and (max-width: 767px){ \n#top #wrap_all .av-special-heading.av-m0ni16eb-8bbdde2222d0ca3d7a8f5f5e1481545b .av-special-heading-tag{\nfont-size:0.8em;\n}\n}\n\n@media only screen and (max-width: 479px){ \n#top #wrap_all .av-special-heading.av-m0ni16eb-8bbdde2222d0ca3d7a8f5f5e1481545b .av-special-heading-tag{\nfont-size:0.8em;\n}\n}\n<\/style>\n<div  class='av-special-heading av-m0ni16eb-8bbdde2222d0ca3d7a8f5f5e1481545b av-special-heading-h2 blockquote modern-quote  avia-builder-el-7  el_before_av_textblock  avia-builder-el-first  av-inherit-size'><h2 class='av-special-heading-tag '  itemprop=\"headline\"  >Young <span class='special_amp'>&amp;<\/span> Museum<\/h2><div class='av-subheading av-subheading_below'><p>Entusiasmare i giovani al mondo dei musei<\/p>\n<\/div><div class=\"special-heading-border\"><div class=\"special-heading-inner-border\"><\/div><\/div><\/div><br \/>\n<section  class='av_textblock_section av-av_textblock-18ec860c7e07088d2c0a993b614e8019 '   itemscope=\"itemscope\" itemtype=\"https:\/\/schema.org\/CreativeWork\" ><div class='avia_textblock'  itemprop=\"text\" ><p><a href=\"http:\/\/www.museen-suedtirol.it\/youngmuseum\/de\/default.asp\" target=\"_blank\" rel=\"noopener\"><img loading=\"lazy\" decoding=\"async\" class=\"alignleft wp-image-880 size-full\" src=\"https:\/\/www.schlosstirol.it\/wp-content\/uploads\/2018\/01\/schloss-tirol_logo-young-museum_web_04.jpg\" alt=\"\" width=\"350\" height=\"178\" srcset=\"https:\/\/www.schlosstirol.it\/wp-content\/uploads\/2018\/01\/schloss-tirol_logo-young-museum_web_04.jpg 350w, https:\/\/www.schlosstirol.it\/wp-content\/uploads\/2018\/01\/schloss-tirol_logo-young-museum_web_04-300x153.jpg 300w\" sizes=\"auto, (max-width: 350px) 100vw, 350px\" \/><\/a><\/p>\n<p>\u00c8 stato questo l&#8217;obiettivo dell&#8217;anno tematico 2015 \u201cYoung &amp; Museum\u201d, lanciato dalla Ripartizione Musei in collaborazione con l&#8217;Associazione musei altoatesini.<\/p>\n<p>Il progetto ha coinvolto l&#8217;intero panorama dei musei dell&#8217;Alto Adige e suscitato un enorme interesse.<\/p>\n<p>Tutte le iniziative dell&#8217;anno tematico \u201cYoung &amp; Museum\u201d sono quindi proseguite ben oltre il 2015 e presentate &#8211; oltre che costantemente aggiornate &#8211; insieme ad altre proposte per bambini, famiglie e giovani sulla <a href=\"http:\/\/www.musei-altoadige.it\/youngmuseum\/it\/default.asp\" target=\"_blank\" rel=\"noopener\">piattaforma internet \u201cYoung Museum\u201d<\/a>, dove appaiono con l&#8217;indicazione della fascia d&#8217;et\u00e0 cui si rivolgono e sono visualizzabili anche da dispositivi mobili come gli smartphone.<\/p>\n<\/div><\/section><\/p><\/div>\n","protected":false},"excerpt":{"rendered":"","protected":false},"author":1,"featured_media":2429,"parent":0,"menu_order":0,"comment_status":"closed","ping_status":"closed","template":"","meta":{"footnotes":""},"class_list":["post-15209","page","type-page","status-publish","has-post-thumbnail","hentry"],"yoast_head":"<!-- This site is optimized with the Yoast SEO plugin v27.4 - https:\/\/yoast.com\/product\/yoast-seo-wordpress\/ -->\n<title>Castel Tirolo per bambini - Castel Tirolo - Museo storico-culturale (BZ)<\/title>\n<meta name=\"description\" content=\"Castel Tirolo per bambini - Immergersi nel tempo e nei ruoli degli storici abitanti del castello: Anche i nostri piccoli visitatori non ...\" \/>\n<meta name=\"robots\" content=\"index, follow, max-snippet:-1, max-image-preview:large, max-video-preview:-1\" \/>\n<link rel=\"canonical\" href=\"https:\/\/www.schlosstirol.it\/it\/castel-tirolo-per-bambini\/\" \/>\n<meta property=\"og:locale\" content=\"it_IT\" \/>\n<meta property=\"og:type\" content=\"article\" \/>\n<meta property=\"og:title\" content=\"Castel Tirolo per bambini - Castel Tirolo - Museo storico-culturale (BZ)\" \/>\n<meta property=\"og:description\" content=\"Castel Tirolo per bambini - Immergersi nel tempo e nei ruoli degli storici abitanti del castello: Anche i nostri piccoli visitatori non ...\" \/>\n<meta property=\"og:url\" content=\"https:\/\/www.schlosstirol.it\/it\/castel-tirolo-per-bambini\/\" \/>\n<meta property=\"og:site_name\" content=\"Castel Tirolo - Museo storico-culturale (BZ)\" \/>\n<meta property=\"article:publisher\" content=\"https:\/\/www.facebook.com\/schlosstirol.casteltirolo\" \/>\n<meta property=\"article:modified_time\" content=\"2024-09-04T06:50:23+00:00\" \/>\n<meta property=\"og:image\" content=\"https:\/\/www.schlosstirol.it\/wp-content\/uploads\/2018\/01\/schloss-tirol_kinderschloss-koenig-heinrich.jpg\" \/>\n\t<meta property=\"og:image:width\" content=\"1030\" \/>\n\t<meta property=\"og:image:height\" content=\"687\" \/>\n\t<meta property=\"og:image:type\" content=\"image\/jpeg\" \/>\n<meta name=\"twitter:card\" content=\"summary_large_image\" \/>\n<meta name=\"twitter:label1\" content=\"Tempo di lettura stimato\" \/>\n\t<meta name=\"twitter:data1\" content=\"2 minuti\" \/>\n<script type=\"application\/ld+json\" class=\"yoast-schema-graph\">{\"@context\":\"https:\\\/\\\/schema.org\",\"@graph\":[{\"@type\":\"WebPage\",\"@id\":\"https:\\\/\\\/www.schlosstirol.it\\\/it\\\/castel-tirolo-per-bambini\\\/\",\"url\":\"https:\\\/\\\/www.schlosstirol.it\\\/it\\\/castel-tirolo-per-bambini\\\/\",\"name\":\"Castel Tirolo per bambini - Castel Tirolo - Museo storico-culturale (BZ)\",\"isPartOf\":{\"@id\":\"https:\\\/\\\/www.schlosstirol.it\\\/it\\\/#website\"},\"primaryImageOfPage\":{\"@id\":\"https:\\\/\\\/www.schlosstirol.it\\\/it\\\/castel-tirolo-per-bambini\\\/#primaryimage\"},\"image\":{\"@id\":\"https:\\\/\\\/www.schlosstirol.it\\\/it\\\/castel-tirolo-per-bambini\\\/#primaryimage\"},\"thumbnailUrl\":\"https:\\\/\\\/www.schlosstirol.it\\\/wp-content\\\/uploads\\\/2018\\\/01\\\/schloss-tirol_kinderschloss-koenig-heinrich.jpg\",\"datePublished\":\"2023-11-22T08:48:15+00:00\",\"dateModified\":\"2024-09-04T06:50:23+00:00\",\"description\":\"Castel Tirolo per bambini - Immergersi nel tempo e nei ruoli degli storici abitanti del castello: Anche i nostri piccoli visitatori non ...\",\"breadcrumb\":{\"@id\":\"https:\\\/\\\/www.schlosstirol.it\\\/it\\\/castel-tirolo-per-bambini\\\/#breadcrumb\"},\"inLanguage\":\"it-IT\",\"potentialAction\":[{\"@type\":\"ReadAction\",\"target\":[\"https:\\\/\\\/www.schlosstirol.it\\\/it\\\/castel-tirolo-per-bambini\\\/\"]}]},{\"@type\":\"ImageObject\",\"inLanguage\":\"it-IT\",\"@id\":\"https:\\\/\\\/www.schlosstirol.it\\\/it\\\/castel-tirolo-per-bambini\\\/#primaryimage\",\"url\":\"https:\\\/\\\/www.schlosstirol.it\\\/wp-content\\\/uploads\\\/2018\\\/01\\\/schloss-tirol_kinderschloss-koenig-heinrich.jpg\",\"contentUrl\":\"https:\\\/\\\/www.schlosstirol.it\\\/wp-content\\\/uploads\\\/2018\\\/01\\\/schloss-tirol_kinderschloss-koenig-heinrich.jpg\",\"width\":1030,\"height\":687,\"caption\":\"Castel Tirolo per bambini\"},{\"@type\":\"BreadcrumbList\",\"@id\":\"https:\\\/\\\/www.schlosstirol.it\\\/it\\\/castel-tirolo-per-bambini\\\/#breadcrumb\",\"itemListElement\":[{\"@type\":\"ListItem\",\"position\":1,\"name\":\"Startseite\",\"item\":\"https:\\\/\\\/www.schlosstirol.it\\\/it\\\/castel-tirolo\\\/\"},{\"@type\":\"ListItem\",\"position\":2,\"name\":\"Castel Tirolo per bambini\"}]},{\"@type\":\"WebSite\",\"@id\":\"https:\\\/\\\/www.schlosstirol.it\\\/it\\\/#website\",\"url\":\"https:\\\/\\\/www.schlosstirol.it\\\/it\\\/\",\"name\":\"Castel Tirolo - Museo storico-culturale (BZ)\",\"description\":\"Museo storico-culturale della Provincia di Bolzano\",\"publisher\":{\"@id\":\"https:\\\/\\\/www.schlosstirol.it\\\/it\\\/#organization\"},\"potentialAction\":[{\"@type\":\"SearchAction\",\"target\":{\"@type\":\"EntryPoint\",\"urlTemplate\":\"https:\\\/\\\/www.schlosstirol.it\\\/it\\\/?s={search_term_string}\"},\"query-input\":{\"@type\":\"PropertyValueSpecification\",\"valueRequired\":true,\"valueName\":\"search_term_string\"}}],\"inLanguage\":\"it-IT\"},{\"@type\":\"Organization\",\"@id\":\"https:\\\/\\\/www.schlosstirol.it\\\/it\\\/#organization\",\"name\":\"Castel Tirolo\",\"url\":\"https:\\\/\\\/www.schlosstirol.it\\\/it\\\/\",\"logo\":{\"@type\":\"ImageObject\",\"inLanguage\":\"it-IT\",\"@id\":\"https:\\\/\\\/www.schlosstirol.it\\\/it\\\/#\\\/schema\\\/logo\\\/image\\\/\",\"url\":\"https:\\\/\\\/www.schlosstirol.it\\\/wp-content\\\/uploads\\\/2018\\\/09\\\/schloss-tirol_logo-impressum.png\",\"contentUrl\":\"https:\\\/\\\/www.schlosstirol.it\\\/wp-content\\\/uploads\\\/2018\\\/09\\\/schloss-tirol_logo-impressum.png\",\"width\":1030,\"height\":687,\"caption\":\"Castel Tirolo\"},\"image\":{\"@id\":\"https:\\\/\\\/www.schlosstirol.it\\\/it\\\/#\\\/schema\\\/logo\\\/image\\\/\"},\"sameAs\":[\"https:\\\/\\\/www.facebook.com\\\/schlosstirol.casteltirolo\"]}]}<\/script>\n<!-- \/ Yoast SEO plugin. -->","yoast_head_json":{"title":"Castel Tirolo per bambini - Castel Tirolo - Museo storico-culturale (BZ)","description":"Castel Tirolo per bambini - Immergersi nel tempo e nei ruoli degli storici abitanti del castello: Anche i nostri piccoli visitatori non ...","robots":{"index":"index","follow":"follow","max-snippet":"max-snippet:-1","max-image-preview":"max-image-preview:large","max-video-preview":"max-video-preview:-1"},"canonical":"https:\/\/www.schlosstirol.it\/it\/castel-tirolo-per-bambini\/","og_locale":"it_IT","og_type":"article","og_title":"Castel Tirolo per bambini - Castel Tirolo - Museo storico-culturale (BZ)","og_description":"Castel Tirolo per bambini - Immergersi nel tempo e nei ruoli degli storici abitanti del castello: Anche i nostri piccoli visitatori non ...","og_url":"https:\/\/www.schlosstirol.it\/it\/castel-tirolo-per-bambini\/","og_site_name":"Castel Tirolo - Museo storico-culturale (BZ)","article_publisher":"https:\/\/www.facebook.com\/schlosstirol.casteltirolo","article_modified_time":"2024-09-04T06:50:23+00:00","og_image":[{"width":1030,"height":687,"url":"https:\/\/www.schlosstirol.it\/wp-content\/uploads\/2018\/01\/schloss-tirol_kinderschloss-koenig-heinrich.jpg","type":"image\/jpeg"}],"twitter_card":"summary_large_image","twitter_misc":{"Tempo di lettura stimato":"2 minuti"},"schema":{"@context":"https:\/\/schema.org","@graph":[{"@type":"WebPage","@id":"https:\/\/www.schlosstirol.it\/it\/castel-tirolo-per-bambini\/","url":"https:\/\/www.schlosstirol.it\/it\/castel-tirolo-per-bambini\/","name":"Castel Tirolo per bambini - Castel Tirolo - Museo storico-culturale (BZ)","isPartOf":{"@id":"https:\/\/www.schlosstirol.it\/it\/#website"},"primaryImageOfPage":{"@id":"https:\/\/www.schlosstirol.it\/it\/castel-tirolo-per-bambini\/#primaryimage"},"image":{"@id":"https:\/\/www.schlosstirol.it\/it\/castel-tirolo-per-bambini\/#primaryimage"},"thumbnailUrl":"https:\/\/www.schlosstirol.it\/wp-content\/uploads\/2018\/01\/schloss-tirol_kinderschloss-koenig-heinrich.jpg","datePublished":"2023-11-22T08:48:15+00:00","dateModified":"2024-09-04T06:50:23+00:00","description":"Castel Tirolo per bambini - Immergersi nel tempo e nei ruoli degli storici abitanti del castello: Anche i nostri piccoli visitatori non ...","breadcrumb":{"@id":"https:\/\/www.schlosstirol.it\/it\/castel-tirolo-per-bambini\/#breadcrumb"},"inLanguage":"it-IT","potentialAction":[{"@type":"ReadAction","target":["https:\/\/www.schlosstirol.it\/it\/castel-tirolo-per-bambini\/"]}]},{"@type":"ImageObject","inLanguage":"it-IT","@id":"https:\/\/www.schlosstirol.it\/it\/castel-tirolo-per-bambini\/#primaryimage","url":"https:\/\/www.schlosstirol.it\/wp-content\/uploads\/2018\/01\/schloss-tirol_kinderschloss-koenig-heinrich.jpg","contentUrl":"https:\/\/www.schlosstirol.it\/wp-content\/uploads\/2018\/01\/schloss-tirol_kinderschloss-koenig-heinrich.jpg","width":1030,"height":687,"caption":"Castel Tirolo per bambini"},{"@type":"BreadcrumbList","@id":"https:\/\/www.schlosstirol.it\/it\/castel-tirolo-per-bambini\/#breadcrumb","itemListElement":[{"@type":"ListItem","position":1,"name":"Startseite","item":"https:\/\/www.schlosstirol.it\/it\/castel-tirolo\/"},{"@type":"ListItem","position":2,"name":"Castel Tirolo per bambini"}]},{"@type":"WebSite","@id":"https:\/\/www.schlosstirol.it\/it\/#website","url":"https:\/\/www.schlosstirol.it\/it\/","name":"Castel Tirolo - Museo storico-culturale (BZ)","description":"Museo storico-culturale della Provincia di Bolzano","publisher":{"@id":"https:\/\/www.schlosstirol.it\/it\/#organization"},"potentialAction":[{"@type":"SearchAction","target":{"@type":"EntryPoint","urlTemplate":"https:\/\/www.schlosstirol.it\/it\/?s={search_term_string}"},"query-input":{"@type":"PropertyValueSpecification","valueRequired":true,"valueName":"search_term_string"}}],"inLanguage":"it-IT"},{"@type":"Organization","@id":"https:\/\/www.schlosstirol.it\/it\/#organization","name":"Castel Tirolo","url":"https:\/\/www.schlosstirol.it\/it\/","logo":{"@type":"ImageObject","inLanguage":"it-IT","@id":"https:\/\/www.schlosstirol.it\/it\/#\/schema\/logo\/image\/","url":"https:\/\/www.schlosstirol.it\/wp-content\/uploads\/2018\/09\/schloss-tirol_logo-impressum.png","contentUrl":"https:\/\/www.schlosstirol.it\/wp-content\/uploads\/2018\/09\/schloss-tirol_logo-impressum.png","width":1030,"height":687,"caption":"Castel Tirolo"},"image":{"@id":"https:\/\/www.schlosstirol.it\/it\/#\/schema\/logo\/image\/"},"sameAs":["https:\/\/www.facebook.com\/schlosstirol.casteltirolo"]}]}},"_links":{"self":[{"href":"https:\/\/www.schlosstirol.it\/it\/wp-json\/wp\/v2\/pages\/15209","targetHints":{"allow":["GET"]}}],"collection":[{"href":"https:\/\/www.schlosstirol.it\/it\/wp-json\/wp\/v2\/pages"}],"about":[{"href":"https:\/\/www.schlosstirol.it\/it\/wp-json\/wp\/v2\/types\/page"}],"author":[{"embeddable":true,"href":"https:\/\/www.schlosstirol.it\/it\/wp-json\/wp\/v2\/users\/1"}],"replies":[{"embeddable":true,"href":"https:\/\/www.schlosstirol.it\/it\/wp-json\/wp\/v2\/comments?post=15209"}],"version-history":[{"count":0,"href":"https:\/\/www.schlosstirol.it\/it\/wp-json\/wp\/v2\/pages\/15209\/revisions"}],"wp:featuredmedia":[{"embeddable":true,"href":"https:\/\/www.schlosstirol.it\/it\/wp-json\/wp\/v2\/media\/2429"}],"wp:attachment":[{"href":"https:\/\/www.schlosstirol.it\/it\/wp-json\/wp\/v2\/media?parent=15209"}],"curies":[{"name":"wp","href":"https:\/\/api.w.org\/{rel}","templated":true}]}}